{"id":761,"date":"2025-05-12T22:34:42","date_gmt":"2025-05-12T20:34:42","guid":{"rendered":"https:\/\/ceacheweb.com\/tienda-de-colchones\/?page_id=761"},"modified":"2025-07-04T01:18:34","modified_gmt":"2025-07-03T23:18:34","slug":"aviso-legal","status":"publish","type":"page","link":"https:\/\/ceacheweb.com\/tienda-de-colchones\/aviso-legal\/","title":{"rendered":"Aviso legal"},"content":{"rendered":"\t\t<div data-elementor-type=\"wp-page\" data-elementor-id=\"761\" class=\"elementor elementor-761\" data-elementor-post-type=\"page\">\n\t\t\t\t\t\t<section class=\"elementor-section elementor-top-section elementor-element elementor-element-a0fc021 elementor-section-boxed elementor-section-height-default elementor-section-height-default\" data-id=\"a0fc021\" data-element_type=\"section\" data-e-type=\"section\" data-settings=\"{&quot;background_background&quot;:&quot;classic&quot;,&quot;shape_divider_top&quot;:&quot;zigzag&quot;}\">\n\t\t\t\t\t<div class=\"elementor-shape elementor-shape-top\" aria-hidden=\"true\" data-negative=\"false\">\n\t\t\t<svg xmlns=\"http:\/\/www.w3.org\/2000\/svg\" viewBox=\"0 0 1800 5.8\" preserveAspectRatio=\"none\">\n  <path class=\"elementor-shape-fill\" d=\"M5.4.4l5.4 5.3L16.5.4l5.4 5.3L27.5.4 33 5.7 38.6.4l5.5 5.4h.1L49.9.4l5.4 5.3L60.9.4l5.5 5.3L72 .4l5.5 5.3L83.1.4l5.4 5.3L94.1.4l5.5 5.4h.2l5.6-5.4 5.5 5.3 5.6-5.3 5.4 5.3 5.6-5.3 5.5 5.3 5.6-5.3 5.5 5.4h.2l5.6-5.4 5.4 5.3L161 .4l5.4 5.3L172 .4l5.5 5.3 5.6-5.3 5.4 5.3 5.7-5.3 5.4 5.4h.2l5.6-5.4 5.5 5.3 5.6-5.3 5.5 5.3 5.6-5.3 5.4 5.3 5.6-5.3 5.5 5.4h.2l5.6-5.4 5.5 5.3L261 .4l5.4 5.3L272 .4l5.5 5.3 5.6-5.3 5.5 5.3 5.6-5.3 5.5 5.4h.1l5.7-5.4 5.4 5.3 5.6-5.3 5.5 5.3 5.6-5.3 5.4 5.3 5.7-5.3 5.4 5.4h.2l5.6-5.4 5.5 5.3L361 .4l5.5 5.3 5.6-5.3 5.4 5.3 5.6-5.3 5.5 5.3 5.6-5.3 5.5 5.4h.1l5.7-5.4 5.4 5.3 5.6-5.3 5.5 5.3 5.6-5.3 5.5 5.3 5.6-5.3 5.5 5.4h.1l5.6-5.4 5.5 5.3L461 .4l5.5 5.3 5.6-5.3 5.4 5.3 5.7-5.3 5.4 5.3 5.6-5.3 5.5 5.4h.2l5.6-5.4 5.5 5.3 5.6-5.3 5.4 5.3 5.6-5.3 5.5 5.3 5.6-5.3 5.5 5.4h.1L550 .4l5.4 5.3L561 .4l5.5 5.3 5.6-5.3 5.5 5.3 5.6-5.3 5.4 5.3 5.6-5.3 5.5 5.4h.2l5.6-5.4 5.5 5.3 5.6-5.3 5.4 5.3 5.7-5.3 5.4 5.3 5.6-5.3 5.5 5.4h.2L650 .4l5.5 5.3 5.6-5.3 5.4 5.3 5.6-5.3 5.5 5.3 5.6-5.3 5.5 5.3 5.6-5.3 5.4 5.4h.2l5.6-5.4 5.5 5.3 5.6-5.3 5.5 5.3 5.6-5.3 5.4 5.3 5.6-5.3 5.5 5.4h.2L750 .4l5.5 5.3 5.6-5.3 5.4 5.3 5.7-5.3 5.4 5.3 5.6-5.3 5.5 5.3 5.6-5.3 5.5 5.4h.1l5.7-5.4 5.4 5.3 5.6-5.3 5.5 5.3 5.6-5.3 5.5 5.3 5.6-5.3 5.4 5.4h.2L850 .4l5.5 5.3 5.6-5.3 5.5 5.3 5.6-5.3 5.4 5.3 5.6-5.3 5.5 5.3 5.6-5.3 5.5 5.4h.2l5.6-5.4 5.4 5.3 5.7-5.3 5.4 5.3 5.6-5.3 5.5 5.3 5.6-5.3 5.5 5.4h.1l5.7-5.4 5.4 5.3 5.6-5.3 5.5 5.3 5.6-5.3 5.5 5.3 5.6-5.3 5.4 5.3 5.6-5.3 5.5 5.4h.2l5.6-5.4 5.5 5.3 5.6-5.3 5.4 5.3 5.6-5.3 5.5 5.3 5.6-5.3 5.5 5.4h.2l5.6-5.4 5.4 5.3 5.7-5.3 5.4 5.3 5.6-5.3 5.5 5.3 5.6-5.3 5.5 5.3 5.6-5.3 5.4 5.4h.2l5.6-5.4 5.5 5.3 5.6-5.3 5.5 5.3 5.6-5.3 5.4 5.3 5.6-5.3 5.5 5.4h.2l5.6-5.4 5.5 5.3 5.6-5.3 5.4 5.3 5.6-5.3 5.5 5.3 5.6-5.3 5.5 5.3 5.6-5.3 5.5 5.4h.1l5.7-5.4 5.4 5.3 5.6-5.3 5.5 5.3 5.6-5.3 5.5 5.3 5.6-5.3 5.4 5.4h.2l5.6-5.4 5.5 5.3 5.6-5.3 5.5 5.3 5.6-5.3 5.4 5.3 5.6-5.3 5.5 5.3 5.6-5.3 5.5 5.4h.2l5.6-5.4 5.4 5.3 5.6-5.3 5.5 5.3 5.6-5.3 5.5 5.3 5.6-5.3 5.5 5.4h.1l5.7-5.4 5.4 5.3 5.6-5.3 5.5 5.3 5.6-5.3 5.5 5.3 5.6-5.3 5.4 5.3 5.6-5.3 5.5 5.4h.2l5.6-5.4 5.5 5.3 5.6-5.3 5.4 5.3 5.6-5.3 5.5 5.3 5.6-5.3 5.5 5.4h.2l5.6-5.4 5.4 5.3 5.6-5.3 5.5 5.3 5.6-5.3 5.5 5.3 5.6-5.3 5.4 5.3 5.7-5.3 5.4 5.4h.2l5.6-5.4 5.5 5.3 5.6-5.3 5.5 5.3 5.6-5.3 5.4 5.3 5.6-5.3 5.5 5.4h.2l5.6-5.4 5.5 5.3 5.6-5.3 5.4 5.3 5.6-5.3 5.5 5.3 5.6-5.3 5.5 5.3 5.6-5.3 5.5 5.4h.1l5.6-5.4 5.5 5.3 5.6-5.3 5.5 5.3 5.6-5.3 5.4 5.3 5.7-5.3 5.4 5.4h.2l5.6-5.4 5.5 5.3 5.6-5.3 5.5 5.3 5.6-5.3 5.4 5.3 5.6-5.3 5.5 5.3 5.6-5.3 5.5 5.4h.1l5.7-5.4 5.4 5.3 5.6-5.3 5.5 5.3 5.6-5.3 5.5 5.3 5.6-5.3 5.5 5.4h.1l5.6-5.4 5.5 5.3 5.6-5.3 5.5 5.3 5.6-5.3 5.4 5.3 5.7-5.3 5.4 5.3 5.6-5.3 5.5 5.4V0H-.2v5.8z\"\/>\n<\/svg>\n\t\t<\/div>\n\t\t\t\t\t<div class=\"elementor-container elementor-column-gap-no\">\n\t\t\t\t\t<div class=\"elementor-column elementor-col-100 elementor-top-column elementor-element elementor-element-fd4a698\" data-id=\"fd4a698\" data-element_type=\"column\" data-e-type=\"column\">\n\t\t\t<div class=\"elementor-widget-wrap elementor-element-populated\">\n\t\t\t\t\t\t<section class=\"elementor-section elementor-inner-section elementor-element elementor-element-c2bf853 elementor-section-boxed elementor-section-height-default elementor-section-height-default\" data-id=\"c2bf853\" data-element_type=\"section\" data-e-type=\"section\">\n\t\t\t\t\t\t<div class=\"elementor-container elementor-column-gap-default\">\n\t\t\t\t\t<div class=\"elementor-column elementor-col-100 elementor-inner-column elementor-element elementor-element-49df7ae\" data-id=\"49df7ae\" data-element_type=\"column\" data-e-type=\"column\">\n\t\t\t<div class=\"elementor-widget-wrap elementor-element-populated\">\n\t\t\t\t\t\t<div class=\"elementor-element elementor-element-ffde80e elementor-widget elementor-widget-heading\" data-id=\"ffde80e\" data-element_type=\"widget\" data-e-type=\"widget\" data-widget_type=\"heading.default\">\n\t\t\t\t<div class=\"elementor-widget-container\">\n\t\t\t\t\t<div class=\"elementor-heading-title elementor-size-default\">Informaci\u00f3n legal del sitio web<\/div>\t\t\t\t<\/div>\n\t\t\t\t<\/div>\n\t\t\t\t<div class=\"elementor-element elementor-element-9be6710 elementor-widget elementor-widget-text-editor\" data-id=\"9be6710\" data-element_type=\"widget\" data-e-type=\"widget\" data-widget_type=\"text-editor.default\">\n\t\t\t\t<div class=\"elementor-widget-container\">\n\t\t\t\t\t\t\t\t\t<h5>1. Datos Identificativos.<\/h5><p>Este sitio web es titularidad de la empresa <a class=\"dvs-open-contact\" data-contactid=\"67d0181989eb5f07de04266d\">CEACHE CONFORT DE HOGAR, SL<\/a> con domicilio en Avenida TIO PEPE, N.27 y NIF B11755642.<\/p><p>Puede contactar con nosotros a trav\u00e9s del tel\u00e9fono 956 74 14 51 o en la cuenta de correo electr\u00f3nico info@ceacheweb.com<\/p><h5>2. Introducci\u00f3n.<\/h5><p>El presente aviso legal regula el uso del servicio del Sitio Web<\/p><p>https:\/\/www.ceacheweb.com\/<\/p><p>Al navegar por este Sitio Web, usted (en adelante, Usuario) acepta las presentes condiciones de uso y aviso legal, comprometi\u00e9ndose a su cumplimiento.<\/p><p>La Empresa se reserva el derecho de efectuar sin previo aviso las modificaciones, suspensiones, cancelaciones o restricciones, que considere oportunas en el Sitio Web, pudiendo cambiar el dise\u00f1o, presentaci\u00f3n o configuraci\u00f3n del Sitio Web, as\u00ed como los contenidos y servicios ofertados, y el contenido del aviso legal y dem\u00e1s condiciones de uso.<\/p><h5>3. Objeto.<\/h5><p>Este aviso legal tiene por objeto describir las condiciones legales aplicables al acceso y uso por parte del Usuario a la informaci\u00f3n contenida en el Sitio Web.<\/p><p>El Usuario queda informado, y acepta, que el acceso al Sitio Web no supone, por s\u00ed mismo, el inicio de una relaci\u00f3n comercial o de otro tipo con la Empresa. Para contratar servicios o productos ofertados en el Sitio Web deber\u00e1 utilizar los canales habilitados al efecto, donde puede requerirse la aceptaci\u00f3n de nuevas condiciones legales, de compra o privacidad.<\/p><h5>4. Contenido y actualizaci\u00f3n<\/h5><p>La empresa, realiza revisiones peri\u00f3dicas de los contenidos e informaci\u00f3n publicados en el Sitio Web, sin embargo, pueden no ser exhaustivos o no estar actualizados, por lo que la Empresa no asume responsabilidad alguna respecto de la falta de actualizaci\u00f3n o exactitud de la informaci\u00f3n, datos o contenidos publicados en el Sitio Web.<\/p><h5>5. Propiedad intelectual e industrial<\/h5><p>Todos los elementos del Sitio Web tales como su programaci\u00f3n, c\u00f3digo fuente, textos, dise\u00f1os, presentaci\u00f3n, montaje, logotipos, im\u00e1genes, y cualquier otro elemento susceptible de contar con la protecci\u00f3n de los derechos de propiedad intelectual o industrial, son titularidad exclusiva de la Empresa o bien dispone de autorizaci\u00f3n o licencia respecto de los titulares de sus derechos de explotaci\u00f3n.<\/p><h5>6. Legislaci\u00f3n aplicable<\/h5><p>La ley aplicable en caso de disputa o conflicto de interpretaci\u00f3n de los t\u00e9rminos que conforman este aviso legal, as\u00ed como cualquier cuesti\u00f3n relacionada con los servicios del Sitio Web, ser\u00e1 la ley espa\u00f1ola.<\/p>\t\t\t\t\t\t\t\t<\/div>\n\t\t\t\t<\/div>\n\t\t\t\t\t<\/div>\n\t\t<\/div>\n\t\t\t\t\t<\/div>\n\t\t<\/section>\n\t\t\t\t\t<\/div>\n\t\t<\/div>\n\t\t\t\t\t<\/div>\n\t\t<\/section>\n\t\t\t\t<\/div>\n\t\t","protected":false},"excerpt":{"rendered":"<p>Informaci\u00f3n legal del sitio web 1. Datos Identificativos. Este sitio web es titularidad de la empresa CEACHE CONFORT DE HOGAR, SL con domicilio en Avenida TIO PEPE, N.27 y NIF B11755642. Puede contactar con nosotros a trav\u00e9s del tel\u00e9fono 956 74 14 51 o en la cuenta de correo electr\u00f3nico info@ceacheweb.com 2. Introducci\u00f3n. El presente [&hellip;]<\/p>\n","protected":false},"author":1,"featured_media":0,"parent":0,"menu_order":0,"comment_status":"closed","ping_status":"closed","template":"","meta":{"footnotes":""},"class_list":["post-761","page","type-page","status-publish","hentry"],"_links":{"self":[{"href":"https:\/\/ceacheweb.com\/tienda-de-colchones\/wp-json\/wp\/v2\/pages\/761","targetHints":{"allow":["GET"]}}],"collection":[{"href":"https:\/\/ceacheweb.com\/tienda-de-colchones\/wp-json\/wp\/v2\/pages"}],"about":[{"href":"https:\/\/ceacheweb.com\/tienda-de-colchones\/wp-json\/wp\/v2\/types\/page"}],"author":[{"embeddable":true,"href":"https:\/\/ceacheweb.com\/tienda-de-colchones\/wp-json\/wp\/v2\/users\/1"}],"replies":[{"embeddable":true,"href":"https:\/\/ceacheweb.com\/tienda-de-colchones\/wp-json\/wp\/v2\/comments?post=761"}],"version-history":[{"count":3,"href":"https:\/\/ceacheweb.com\/tienda-de-colchones\/wp-json\/wp\/v2\/pages\/761\/revisions"}],"predecessor-version":[{"id":2948,"href":"https:\/\/ceacheweb.com\/tienda-de-colchones\/wp-json\/wp\/v2\/pages\/761\/revisions\/2948"}],"wp:attachment":[{"href":"https:\/\/ceacheweb.com\/tienda-de-colchones\/wp-json\/wp\/v2\/media?parent=761"}],"curies":[{"name":"wp","href":"https:\/\/api.w.org\/{rel}","templated":true}]}}